{"id":15838,"date":"2019-01-12T22:22:12","date_gmt":"2019-01-12T20:22:12","guid":{"rendered":"https:\/\/www.oncodigest.ro\/?page_id=15838"},"modified":"2019-01-12T22:27:23","modified_gmt":"2019-01-12T20:27:23","slug":"an2014","status":"publish","type":"page","link":"https:\/\/www.oncodigest.ro\/fr\/arhiva\/an2014\/","title":{"rendered":"2014"},"content":{"rendered":"<p class=\"qtranxs-available-languages-message qtranxs-available-languages-message-fr\">D\u00e9sol\u00e9, cet article est seulement disponible en <a href=\"https:\/\/www.oncodigest.ro\/ro\/wp-json\/wp\/v2\/pages\/15838\" class=\"qtranxs-available-language-link qtranxs-available-language-link-ro\" title=\"Rom\u00e2n\u0103\">Rom\u00e2n\u0103<\/a>.<\/p>\n","protected":false},"excerpt":{"rendered":"<p>D\u00e9sol\u00e9, cet article est seulement disponible en Rom\u00e2n\u0103.<\/p>\n","protected":false},"author":1,"featured_media":0,"parent":15599,"menu_order":0,"comment_status":"closed","ping_status":"closed","template":"","meta":{"footnotes":""},"class_list":["post-15838","page","type-page","status-publish","hentry"],"_links":{"self":[{"href":"https:\/\/www.oncodigest.ro\/fr\/wp-json\/wp\/v2\/pages\/15838","targetHints":{"allow":["GET"]}}],"collection":[{"href":"https:\/\/www.oncodigest.ro\/fr\/wp-json\/wp\/v2\/pages"}],"about":[{"href":"https:\/\/www.oncodigest.ro\/fr\/wp-json\/wp\/v2\/types\/page"}],"author":[{"embeddable":true,"href":"https:\/\/www.oncodigest.ro\/fr\/wp-json\/wp\/v2\/users\/1"}],"replies":[{"embeddable":true,"href":"https:\/\/www.oncodigest.ro\/fr\/wp-json\/wp\/v2\/comments?post=15838"}],"version-history":[{"count":2,"href":"https:\/\/www.oncodigest.ro\/fr\/wp-json\/wp\/v2\/pages\/15838\/revisions"}],"predecessor-version":[{"id":15840,"href":"https:\/\/www.oncodigest.ro\/fr\/wp-json\/wp\/v2\/pages\/15838\/revisions\/15840"}],"up":[{"embeddable":true,"href":"https:\/\/www.oncodigest.ro\/fr\/wp-json\/wp\/v2\/pages\/15599"}],"wp:attachment":[{"href":"https:\/\/www.oncodigest.ro\/fr\/wp-json\/wp\/v2\/media?parent=15838"}],"curies":[{"name":"wp","href":"https:\/\/api.w.org\/{rel}","templated":true}]}}