{"id":15817,"date":"2019-01-12T10:03:29","date_gmt":"2019-01-12T08:03:29","guid":{"rendered":"https:\/\/www.oncodigest.ro\/?page_id=15817"},"modified":"2025-11-28T14:29:45","modified_gmt":"2025-11-28T12:29:45","slug":"informatii-utile","status":"publish","type":"page","link":"https:\/\/www.oncodigest.ro\/fr\/home\/informatii-utile\/","title":{"rendered":"Informations utiles"},"content":{"rendered":"<div class=\"wpb-content-wrapper\"><p>[vc_row css_animation=\u00a0\u00bb\u00a0\u00bb row_type=\u00a0\u00bbrow\u00a0\u00bb use_row_as_full_screen_section=\u00a0\u00bbno\u00a0\u00bb type=\u00a0\u00bbfull_width\u00a0\u00bb angled_section=\u00a0\u00bbno\u00a0\u00bb text_align=\u00a0\u00bbleft\u00a0\u00bb background_image_as_pattern=\u00a0\u00bbwithout_pattern\u00a0\u00bb][vc_column][vc_column_text css=\u00a0\u00bb\u00a0\u00bb]<\/p>\n<hr \/>\n<p style=\"text-align: center;\"><a href=\"https:\/\/www.oncodigest.ro\/wp-content\/uploads\/2025\/11\/Oncodigest2026_template_prezentare_16-9.pptx\" target=\"_blank\" rel=\"noopener\"><span style=\"color: #993366;\"><b>T\u00e9l\u00e9chargez le mod\u00e8le de pr\u00e9sentation PPT <img loading=\"lazy\" decoding=\"async\" class=\"alignnone wp-image-16314\" src=\"https:\/\/www.oncodigest.ro\/wp-content\/uploads\/2022\/10\/ppt.jpg\" alt=\"\" width=\"29\" height=\"28\" \/><\/b><\/span><\/a><\/p>\n<p>[\/vc_column_text][\/vc_column][\/vc_row][vc_row css_animation=\u00a0\u00bb\u00a0\u00bb row_type=\u00a0\u00bbrow\u00a0\u00bb use_row_as_full_screen_section=\u00a0\u00bbno\u00a0\u00bb type=\u00a0\u00bbfull_width\u00a0\u00bb angled_section=\u00a0\u00bbno\u00a0\u00bb text_align=\u00a0\u00bbleft\u00a0\u00bb background_image_as_pattern=\u00a0\u00bbwithout_pattern\u00a0\u00bb][vc_column][vc_column_text css=\u00a0\u00bb\u00a0\u00bb]<\/p>\n<h5 class=\"clearfix title-holder\">Organisateur<\/h5>\n<div class=\"accordion_content no_icon\">\n<div class=\"accordion_content_inner\">\n<div class=\"vc_row wpb_row section vc_row-fluid vc_inner \">\n<div class=\" full_section_inner clearfix\">\n<div class=\"wpb_column vc_column_container vc_col-sm-1\/5\">\n<div class=\"vc_column-inner\">\n<div class=\"wpb_wrapper\">\n<div class=\"wpb_text_column wpb_content_element \">\n<div class=\"wpb_wrapper\">\n<p><img loading=\"lazy\" decoding=\"async\" class=\"alignnone size-full wp-image-15860 aligncenter\" src=\"https:\/\/www.oncodigest.ro\/wp-content\/uploads\/2019\/01\/2.jpg\" alt=\"\" width=\"86\" height=\"44\" \/><\/p>\n<\/div>\n<\/div>\n<\/div>\n<\/div>\n<\/div>\n<div class=\"wpb_column vc_column_container vc_col-sm-1\/5\">\n<div class=\"vc_column-inner\">\n<div class=\"wpb_wrapper\">\n<div class=\"wpb_text_column wpb_content_element \">\n<div class=\"wpb_wrapper\">\n<p><img loading=\"lazy\" decoding=\"async\" class=\"size-full wp-image-15861 aligncenter\" src=\"https:\/\/www.oncodigest.ro\/wp-content\/uploads\/2019\/01\/3.jpg\" alt=\"\" width=\"92\" height=\"29\" \/><\/p>\n<\/div>\n<\/div>\n<\/div>\n<\/div>\n<\/div>\n<div class=\"wpb_column vc_column_container vc_col-sm-1\/5\">\n<div class=\"vc_column-inner\">\n<div class=\"wpb_wrapper\">\n<div class=\"wpb_text_column wpb_content_element \">\n<div class=\"wpb_wrapper\">\n<p><img loading=\"lazy\" decoding=\"async\" class=\"wp-image-16446 aligncenter\" src=\"https:\/\/www.oncodigest.ro\/wp-content\/uploads\/2023\/09\/UMFCD_Logo-small.png\" sizes=\"auto, (max-width: 58px) 100vw, 58px\" srcset=\"https:\/\/www.oncodigest.ro\/wp-content\/uploads\/2023\/09\/UMFCD_Logo-small.png 300w, https:\/\/www.oncodigest.ro\/wp-content\/uploads\/2023\/09\/UMFCD_Logo-small-150x150.png 150w\" alt=\"\" width=\"58\" height=\"58\" \/><\/p>\n<\/div>\n<\/div>\n<\/div>\n<\/div>\n<\/div>\n<div class=\"wpb_column vc_column_container vc_col-sm-1\/5\">\n<div class=\"vc_column-inner\">\n<div class=\"wpb_wrapper\">\n<div class=\"wpb_text_column wpb_content_element \">\n<div class=\"wpb_wrapper\">\n<p><img loading=\"lazy\" decoding=\"async\" class=\"size-full wp-image-15863 aligncenter\" src=\"https:\/\/www.oncodigest.ro\/wp-content\/uploads\/2019\/01\/5.jpg\" alt=\"\" width=\"144\" height=\"49\" \/><\/p>\n<\/div>\n<\/div>\n<\/div>\n<\/div>\n<\/div>\n<\/div>\n<\/div>\n<div class=\"vc_row wpb_row section vc_row-fluid vc_inner \">\n<div class=\" full_section_inner clearfix\">\n<div class=\"wpb_column vc_column_container vc_col-sm-1\/5\">\n<div class=\"vc_column-inner\">\n<div class=\"wpb_wrapper\">\n<div class=\"wpb_text_column wpb_content_element \">\n<div class=\"wpb_wrapper\">\n<p><img loading=\"lazy\" decoding=\"async\" class=\"alignnone wp-image-16449 aligncenter\" src=\"https:\/\/www.oncodigest.ro\/wp-content\/uploads\/2023\/09\/logo1.jpg\" alt=\"\" width=\"68\" height=\"64\" \/><\/p>\n<\/div>\n<\/div>\n<\/div>\n<\/div>\n<\/div>\n<div class=\"wpb_column vc_column_container vc_col-sm-1\/5\">\n<div class=\"vc_column-inner\">\n<div class=\"wpb_wrapper\">\n<div class=\"wpb_text_column wpb_content_element \">\n<div class=\"wpb_wrapper\"><\/div>\n<\/div>\n<\/div>\n<\/div>\n<\/div>\n<div class=\"wpb_column vc_column_container vc_col-sm-1\/5\">\n<div class=\"vc_column-inner\">\n<div class=\"wpb_wrapper\">\n<div class=\"wpb_text_column wpb_content_element \">\n<div class=\"wpb_wrapper\">\n<p><img loading=\"lazy\" decoding=\"async\" class=\"wp-image-16763 aligncenter\" src=\"https:\/\/www.oncodigest.ro\/wp-content\/uploads\/2025\/11\/umf-craiova.jpg\" alt=\"\" width=\"86\" height=\"75\" \/><img loading=\"lazy\" decoding=\"async\" class=\"size-full wp-image-15859 aligncenter\" src=\"https:\/\/www.oncodigest.ro\/wp-content\/uploads\/2019\/01\/1.jpg\" alt=\"\" width=\"69\" height=\"44\" \/><img loading=\"lazy\" decoding=\"async\" class=\"alignnone wp-image-16451 aligncenter\" src=\"https:\/\/www.oncodigest.ro\/wp-content\/uploads\/2023\/09\/esdo.jpg\" alt=\"\" width=\"86\" height=\"80\" \/><\/p>\n<\/div>\n<\/div>\n<\/div>\n<\/div>\n<\/div>\n<div class=\"wpb_column vc_column_container vc_col-sm-1\/5\">\n<div class=\"vc_column-inner\">\n<div class=\"wpb_wrapper\"><\/div>\n<\/div>\n<\/div>\n<div class=\"wpb_column vc_column_container vc_col-sm-1\/5\">\n<div class=\"vc_column-inner\">\n<div class=\"wpb_wrapper\"><\/div>\n<\/div>\n<\/div>\n<\/div>\n<\/div>\n<\/div>\n<\/div>\n<h5 class=\"clearfix title-holder\">Formation m\u00e9dicale continue<\/h5>\n<div class=\"accordion_content no_icon\">\n<div class=\"accordion_content_inner\">\n<div class=\"wpb_text_column wpb_content_element \">\n<div class=\"wpb_wrapper\">\n<p>Le symposium sera cr\u00e9dit\u00e9 par le Coll\u00e8ge roumain des m\u00e9decins de points de formation m\u00e9dicale continue.<\/p>\n<\/div>\n<\/div>\n<\/div>\n<\/div>\n<h5 class=\"clearfix title-holder\">Lieu de l&rsquo;\u00e9v\u00e9nement<\/h5>\n<div class=\"accordion_content no_icon\">\n<div class=\"accordion_content_inner\">\n<div class=\"wpb_text_column wpb_content_element \">\n<div class=\"wpb_wrapper\">\n<p><strong>HOTEL CARO, BUCAREST<\/strong><\/p>\n<\/div>\n<\/div>\n<\/div>\n<\/div>\n<h5 class=\"clearfix title-holder\"><span class=\"tab-title\">Contact<\/span><\/h5>\n<div class=\"accordion_content no_icon\">\n<div class=\"accordion_content_inner\">\n<div class=\"wpb_text_column wpb_content_element \">\n<div class=\"wpb_wrapper\">\n<p><strong>E-mail:\u00a0<a href=\"mailto:office@emmatravel.ro\">office@emmatravel.ro<\/a><\/strong><\/p>\n<h5>ORGANISER<br \/>\n<strong>Emma Travel<br \/>\n<\/strong>Telefon: 0724 056 526<\/h5>\n<\/div>\n<\/div>\n<\/div>\n<\/div>\n<p>[\/vc_column_text][\/vc_column][\/vc_row][vc_row css_animation=\u00a0\u00bb\u00a0\u00bb row_type=\u00a0\u00bbrow\u00a0\u00bb use_row_as_full_screen_section=\u00a0\u00bbno\u00a0\u00bb type=\u00a0\u00bbfull_width\u00a0\u00bb angled_section=\u00a0\u00bbno\u00a0\u00bb text_align=\u00a0\u00bbleft\u00a0\u00bb background_image_as_pattern=\u00a0\u00bbwithout_pattern\u00a0\u00bb][vc_column][vc_empty_space][\/vc_column][\/vc_row]<\/p>\n<\/div>","protected":false},"excerpt":{"rendered":"<p>[vc_row css_animation=\u00a0\u00bb\u00a0\u00bb row_type=\u00a0\u00bbrow\u00a0\u00bb use_row_as_full_screen_section=\u00a0\u00bbno\u00a0\u00bb type=\u00a0\u00bbfull_width\u00a0\u00bb angled_section=\u00a0\u00bbno\u00a0\u00bb text_align=\u00a0\u00bbleft\u00a0\u00bb background_image_as_pattern=\u00a0\u00bbwithout_pattern\u00a0\u00bb][vc_column][vc_column_text css=\u00a0\u00bb\u00a0\u00bb] T\u00e9l\u00e9chargez le mod\u00e8le de pr\u00e9sentation PPT [\/vc_column_text][\/vc_column][\/vc_row][vc_row css_animation=\u00a0\u00bb\u00a0\u00bb row_type=\u00a0\u00bbrow\u00a0\u00bb use_row_as_full_screen_section=\u00a0\u00bbno\u00a0\u00bb type=\u00a0\u00bbfull_width\u00a0\u00bb angled_section=\u00a0\u00bbno\u00a0\u00bb text_align=\u00a0\u00bbleft\u00a0\u00bb background_image_as_pattern=\u00a0\u00bbwithout_pattern\u00a0\u00bb][vc_column][vc_column_text css=\u00a0\u00bb\u00a0\u00bb] Organisateur Formation m\u00e9dicale continue Le symposium sera cr\u00e9dit\u00e9 par le Coll\u00e8ge roumain des m\u00e9decins de points de formation m\u00e9dicale continue. Lieu&#8230;<\/p>\n","protected":false},"author":1,"featured_media":0,"parent":14869,"menu_order":0,"comment_status":"closed","ping_status":"closed","template":"","meta":{"footnotes":""},"class_list":["post-15817","page","type-page","status-publish","hentry"],"_links":{"self":[{"href":"https:\/\/www.oncodigest.ro\/fr\/wp-json\/wp\/v2\/pages\/15817","targetHints":{"allow":["GET"]}}],"collection":[{"href":"https:\/\/www.oncodigest.ro\/fr\/wp-json\/wp\/v2\/pages"}],"about":[{"href":"https:\/\/www.oncodigest.ro\/fr\/wp-json\/wp\/v2\/types\/page"}],"author":[{"embeddable":true,"href":"https:\/\/www.oncodigest.ro\/fr\/wp-json\/wp\/v2\/users\/1"}],"replies":[{"embeddable":true,"href":"https:\/\/www.oncodigest.ro\/fr\/wp-json\/wp\/v2\/comments?post=15817"}],"version-history":[{"count":45,"href":"https:\/\/www.oncodigest.ro\/fr\/wp-json\/wp\/v2\/pages\/15817\/revisions"}],"predecessor-version":[{"id":16795,"href":"https:\/\/www.oncodigest.ro\/fr\/wp-json\/wp\/v2\/pages\/15817\/revisions\/16795"}],"up":[{"embeddable":true,"href":"https:\/\/www.oncodigest.ro\/fr\/wp-json\/wp\/v2\/pages\/14869"}],"wp:attachment":[{"href":"https:\/\/www.oncodigest.ro\/fr\/wp-json\/wp\/v2\/media?parent=15817"}],"curies":[{"name":"wp","href":"https:\/\/api.w.org\/{rel}","templated":true}]}}