{"id":15597,"date":"2018-12-05T15:01:27","date_gmt":"2018-12-05T13:01:27","guid":{"rendered":"https:\/\/www.oncodigest.ro\/?page_id=15597"},"modified":"2021-03-17T23:17:34","modified_gmt":"2021-03-17T21:17:34","slug":"2020-2","status":"publish","type":"page","link":"https:\/\/www.oncodigest.ro\/en\/arhiva\/2020-2\/","title":{"rendered":"2020"},"content":{"rendered":"<div class=\"wpb-content-wrapper\"><p>[vc_row css_animation=&#8221;&#8221; row_type=&#8221;row&#8221; use_row_as_full_screen_section=&#8221;no&#8221; type=&#8221;full_width&#8221; angled_section=&#8221;no&#8221; text_align=&#8221;left&#8221; background_image_as_pattern=&#8221;without_pattern&#8221;][vc_column][vc_column_text]<\/p>\n<h3>(<a href=\"https:\/\/www.oncodigest.ro\/wp-content\/uploads\/2020\/10\/Program_oncodigest.pdf\" target=\"_blank\" rel=\"noopener noreferrer\">Download PDF<\/a> <img loading=\"lazy\" decoding=\"async\" class=\"alignnone wp-image-16042\" src=\"https:\/\/www.oncodigest.ro\/wp-content\/uploads\/2020\/10\/833px-PDF_file_icon.svg_.png\" alt=\"\" width=\"28\" height=\"33\" \/> )<\/h3>\n<p>&nbsp;<\/p>\n<h3><span style=\"color: #c70000;\"><em>The 9th Franco-Romanian Symposium in Digestive Oncology<\/em><\/span><\/h3>\n<p>[\/vc_column_text][\/vc_column][\/vc_row][vc_row css_animation=&#8221;&#8221; row_type=&#8221;row&#8221; use_row_as_full_screen_section=&#8221;no&#8221; type=&#8221;full_width&#8221; angled_section=&#8221;no&#8221; text_align=&#8221;left&#8221; background_image_as_pattern=&#8221;without_pattern&#8221;][vc_column][vc_empty_space][\/vc_column][\/vc_row][vc_row css_animation=&#8221;&#8221; row_type=&#8221;row&#8221; use_row_as_full_screen_section=&#8221;no&#8221; type=&#8221;full_width&#8221; angled_section=&#8221;no&#8221; text_align=&#8221;left&#8221; background_image_as_pattern=&#8221;without_pattern&#8221;][vc_column width=&#8221;1\/3&#8243;][vc_column_text]<span style=\"color: #c70000;\"><strong>French speakers:<\/strong><\/span><\/p>\n<p><em><strong>Pr Thomas Aparicio<\/strong><\/em><br \/>\n<em><strong>Pr Emmanuel Coron<\/strong><\/em><br \/>\n<em><strong>Dr Jean-Louis Legoux<\/strong><\/em><br \/>\n<em><strong>Pr Astrid Lievre<\/strong><\/em><br \/>\n<em><strong>Pr Marc Pocard<\/strong><\/em><br \/>\n<em><strong>Dr David Sefrioui<\/strong><\/em>[\/vc_column_text][\/vc_column][vc_column width=&#8221;1\/3&#8243;][vc_column_text]<span style=\"color: #c70000;\"><strong>Romanian speakers:<\/strong><\/span><\/p>\n<p><em><strong>Dr Mirela Boro\u0219<\/strong><\/em><br \/>\n<em><strong>Dr Florina Buic\u0103<\/strong><\/em><br \/>\n<em><strong>Dr Irina Cazacu<\/strong><\/em><br \/>\n<em><strong>Dr Adina Croitoru<\/strong><\/em><br \/>\n<em><strong>Dr Ioana Dinu<\/strong><\/em><br \/>\n<em><strong>Pr Dan Gheonea<\/strong><\/em>[\/vc_column_text][\/vc_column][vc_column width=&#8221;1\/3&#8243;][vc_column_text]<em><strong>Dr Iulia Gramaticu<\/strong><\/em><br \/>\n<em><strong>Dr Claudiu Hopirtean<\/strong><\/em><br \/>\n<em><strong>Dr Ioana Luca<\/strong><\/em><br \/>\n<em><strong>Dr Anca Mihailov<\/strong><\/em><br \/>\n<em><strong>Dr Raluca P\u0103tru<\/strong><\/em><br \/>\n<em><strong>Dr Roxana V\u0103dan<\/strong><\/em>[\/vc_column_text][\/vc_column][\/vc_row][vc_row css_animation=&#8221;&#8221; row_type=&#8221;row&#8221; use_row_as_full_screen_section=&#8221;no&#8221; type=&#8221;full_width&#8221; angled_section=&#8221;no&#8221; text_align=&#8221;left&#8221; background_image_as_pattern=&#8221;without_pattern&#8221;][vc_column][vc_empty_space][\/vc_column][\/vc_row][vc_row css_animation=&#8221;&#8221; row_type=&#8221;row&#8221; use_row_as_full_screen_section=&#8221;no&#8221; type=&#8221;full_width&#8221; angled_section=&#8221;no&#8221; text_align=&#8221;left&#8221; background_image_as_pattern=&#8221;without_pattern&#8221;][vc_column][vc_column_text]<\/p>\n<div class=\"wpb_wrapper\">\n<p><strong><span style=\"color: #0000ff;\">Thursday, 29th October 2020<\/span><\/strong><\/p>\n<p>&nbsp;<\/p>\n<p><span style=\"color: #de0000;\">15h00-15h10 (14:00 \u2013 14:10 CET) &#8211; Opening<\/span><\/p>\n<p>&nbsp;<\/p>\n<p><strong><span style=\"color: #de0000;\">Session 1 &#8211; Gastric Cancer<\/span><\/strong><br \/>\n<strong><span style=\"color: #de0000;\">Chairpersons: Thomas Aparicio, Cristian Gheorghe, Eugen Dumitru<\/span><\/strong><br \/>\n<span style=\"color: #de0000;\">15:10-15:35 (14:10 \u2013 14:35 CET)<\/span> Surgery of gastric adenocarcinoma (Marc Pocard)<br \/>\n<span style=\"color: #de0000;\">15:35-16:00 (14:35 \u2013 15:00 CET)<\/span> Endoscopic resection of gastric and esophageal tumors (Emmanuel Coron)<br \/>\n<span style=\"color: #de0000;\">16:00-16:25 (15:00 \u2013 15:25 CET)<\/span> Perioperative chemotherapy for gastric adenocarcinoma: which protocol for which patient? (Jean-Louis Legoux)<br \/>\n<span style=\"color: #de0000;\">16:25-16:50 (15:25 \u2013 15:50 CET)<\/span> Treatment of metastatic gastric adenocarcinoma (Iulia Gramaticu)<br \/>\n<span style=\"color: #de0000;\">16:50-17:15 (16:50 \u2013 17:15 CET)<\/span> Lilly Symposium: Cyramza in 2nd line treatment for advanced\/metastatic gastric cancer (Adina Croitoru, Raluca P\u0103tru)<br \/>\n<span style=\"color: #de0000;\">17:15-17:35 (16:15 \u2013 16:35 CET)<\/span> Amgen Symposium: Optimizing first line treatment in patients with WT RAS metastatic colorectal cancer \u2013 practical considerations (Florina Buic\u0103)<br \/>\n<span style=\"color: #de0000;\">17:35-17:50 (16:35 \u2013 16:50 CET) Break<\/span><\/p>\n<p>&nbsp;<\/p>\n<p><strong><span style=\"color: #de0000;\">Session 2 \u2013 Colorectal Cancer<\/span><\/strong><br \/>\n<strong><span style=\"color: #de0000;\">Chairpersons: Adina Croitoru, Sergiu Cazacu, Emmanuel Coron<\/span><\/strong><br \/>\n<span style=\"color: #de0000;\">17:50-18:15 (16:50 \u2013 17:15 CET)<\/span> Adjuvant chemotherapy in colorectal cancers (Anca Mihailov)<br \/>\n<span style=\"color: #de0000;\">18:15-18:40 (17:15 \u2013 17:40 CET)<\/span> Therapeutic strategies in metastatic colorectal cancer (Thomas Aparicio)<br \/>\n<span style=\"color: #de0000;\">18:40-19:05 (17:40 \u2013 18:05 CET)<\/span> Adapting treatment to molecular biology (David Sefrioui)<br \/>\n<span style=\"color: #de0000;\">19:05-19:30 (18:05 \u2013 18:30 CET)<\/span> Case report: Metastatic colorectal cancer (Ioana Dinu)<br \/>\n<span style=\"color: #de0000;\">19:30-19:55 (18:30 \u2013 18:55 CET)<\/span> Endoscopic resection of colorectal tumors (Emmanuel Coron)<br \/>\n<span style=\"color: #de0000;\">19:55-20:10 (18:55 \u2013 19:10 CET)<\/span> Discussions<\/p>\n<p>&nbsp;<\/p>\n<p><span style=\"color: #0000ff;\"><strong>Friday, 30th October 2020<\/strong><\/span><\/p>\n<p>&nbsp;<\/p>\n<p><strong><span style=\"color: #de0000;\">Session 3 \u2013 Nutrition and Cancer<\/span><\/strong><br \/>\n<strong><span style=\"color: #de0000;\">Chairpersons: Mircea M\u0103nuc, Dan Gheonea, Jean-Louis Legoux<\/span><\/strong><br \/>\n<span style=\"color: #de0000;\">15:00-15:25 (14:00 \u2013 14:25 CET)<\/span> Diet and cancer (Dan Gheonea)<br \/>\n<span style=\"color: #de0000;\">15:25-15:50 (14:25 \u2013 14:50 CET)<\/span> Evaluation of the malnutrition and of the food intake (Jean-Louis Legoux)<br \/>\n<span style=\"color: #de0000;\">15:50-16:15 (14:50 \u2013 15:15 CET)<\/span> Treatment of malnutrition (Roxana V\u0103dan)<br \/>\n<span style=\"color: #de0000;\">16:15-16:40 (15:15 \u2013 15:40 CET)<\/span> Perioperative prehabilitation and rehabilitation (Marc Pocard)<br \/>\n<span style=\"color: #de0000;\">16:40 \u2013 17:00 (15:40 \u2013 16:00 CET)<\/span> Servier Symposium: A new therapeutic option in the management of metastatic colorectal cancer in pre-treated patients (Ioana Luca)<br \/>\n<span style=\"color: #de0000;\">17:00 \u2013 17:20 (16:00 \u2013 16:20 CET)<\/span> Sanofi Genzyme Symposium: Zaltrap (Aflibercept) \u2013 the patients\u2019 ally in second-line treatment of metastatic colorectal cancer (Iulia Gramaticu)<br \/>\n<span style=\"color: #de0000;\">17:20 \u2013 17:40 (16:20 \u2013 16:40 CET)<\/span> Break<\/p>\n<p>&nbsp;<\/p>\n<p><strong><span style=\"color: #de0000;\">Session 4 \u2013 Local Therapies in Cancer<\/span><\/strong><br \/>\n<strong><span style=\"color: #de0000;\">Chairpersons: Adrian Goldi\u0219, Marc Pocard, Mugur Grasu<\/span><\/strong><br \/>\n<span style=\"color: #de0000;\">17:40-18:05 (16:40 \u2013 17:05 CET)<\/span> Indication for intraperitoneal chemotherapy (Marc Pocard)<br \/>\n<span style=\"color: #de0000;\">18:05-18:30 (17:05 \u2013 17:30 CET)<\/span> Stereotactic radiotherapy (Claudiu Hopirtean)<br \/>\n<span style=\"color: #de0000;\">18:30-18:55 (17:30 \u2013 17:55 CET)<\/span> Hepatic intra-arterial chemotherapy (Thomas Aparicio)<br \/>\n<span style=\"color: #de0000;\">18:55-19:20 (17:55 \u2013 18:20 CET)<\/span> Percutaneous tumor ablation (Mirela Boro\u0219)<br \/>\n<span style=\"color: #de0000;\">19:20-19:45 (18:20 \u2013 18:45 CET)<\/span> Biliary drainage (Emmanuel Coron)<br \/>\n<span style=\"color: #de0000;\">19:45 \u2013 20:10 (18:45 \u2013 19:10 CET)<\/span> Discussions<\/p>\n<\/div>\n<p>&nbsp;<\/p>\n<div class=\"wpb_wrapper\">\n<p><strong><span style=\"color: #0000ff;\">Saturday, 31st October 2020<\/span><\/strong><\/p>\n<p>&nbsp;<\/p>\n<p><strong><span style=\"color: #de0000;\">Session 5 \u2013 Updates 2020<\/span><\/strong><br \/>\n<strong><span style=\"color: #de0000;\">Chairpersons: Adina Croitoru, Mircea Diculescu, David Sefrioui<\/span><\/strong><br \/>\n<span style=\"color: #de0000;\">10:00-10:25 (09:00 \u2013 09:25 CET)<\/span> Updates from ASCO and ESMO in non-colorectal cancer (David Sefrioui)<br \/>\n<span style=\"color: #de0000;\">10:25-10:50 (09:25 \u2013 09:50 CET)<\/span> Updates from ASCO and ESMO in colorectal cancer (Adina Croitoru)<br \/>\n<span style=\"color: #de0000;\">10:50-11:05 (09:50 \u2013 10:05 CET)<\/span> The Management of Oncologic Patients during the COVID-19 Pandemic: The Romanian experience (Irina Cazacu)<br \/>\n<span style=\"color: #de0000;\">11:05-11:20 (10:05 \u2013 10:20 CET)<\/span> The Management of Oncologic Patients during the COVID-19 Pandemic: The French experience (Astrid Lievre)<br \/>\n<span style=\"color: #de0000;\">11:20-11:50 (10:20 \u2013 10:50 CET)<\/span> Break<\/p>\n<\/div>\n<p>[\/vc_column_text][\/vc_column][\/vc_row][vc_row css_animation=&#8221;&#8221; row_type=&#8221;row&#8221; use_row_as_full_screen_section=&#8221;no&#8221; type=&#8221;full_width&#8221; angled_section=&#8221;no&#8221; text_align=&#8221;left&#8221; background_image_as_pattern=&#8221;without_pattern&#8221;][vc_column][vc_empty_space][vc_separator type=&#8221;normal&#8221;][\/vc_column][\/vc_row][vc_row css_animation=&#8221;&#8221; row_type=&#8221;row&#8221; use_row_as_full_screen_section=&#8221;no&#8221; type=&#8221;full_width&#8221; angled_section=&#8221;no&#8221; text_align=&#8221;left&#8221; background_image_as_pattern=&#8221;without_pattern&#8221;][vc_column][vc_column_text]<span style=\"color: #c90000;\"><strong>The Symposium of the Romanian Association for the Study of <\/strong><strong>Neuroendocrine Tumors<\/strong><\/span>[\/vc_column_text][\/vc_column][\/vc_row][vc_row css_animation=&#8221;&#8221; row_type=&#8221;row&#8221; use_row_as_full_screen_section=&#8221;no&#8221; type=&#8221;full_width&#8221; angled_section=&#8221;no&#8221; text_align=&#8221;left&#8221; background_image_as_pattern=&#8221;without_pattern&#8221;][vc_column width=&#8221;1\/2&#8243;][vc_column_text]<strong>Speakers:<\/strong><\/p>\n<p>Dr Sorin Alexandrescu<br \/>\nDr Diana Bogdan<br \/>\nDr Iulia Burcea<br \/>\nDr Irina Cazacu<br \/>\nDr Vlad Croitoru<br \/>\nDr Agnieszka Kolasi\u0144ska-\u0106wik\u0142a<br \/>\nDr Roxana Dusceac<\/p>\n<p><em>\u00a0<\/em>[\/vc_column_text][\/vc_column][vc_column width=&#8221;1\/2&#8243;][vc_column_text]Dr Polixenia Iorga<br \/>\nDr Mircea M\u0103nuc<br \/>\nDr Monica Miron<br \/>\nDr Raluca P\u0103tru<br \/>\nPr C\u0103t\u0103lina Poian\u0103<br \/>\nDr Tudor Stroie<br \/>\nDr Vlad Vornicu[\/vc_column_text][\/vc_column][\/vc_row][vc_row css_animation=&#8221;&#8221; row_type=&#8221;row&#8221; use_row_as_full_screen_section=&#8221;no&#8221; type=&#8221;full_width&#8221; angled_section=&#8221;no&#8221; text_align=&#8221;left&#8221; background_image_as_pattern=&#8221;without_pattern&#8221;][vc_column][vc_empty_space][\/vc_column][\/vc_row][vc_row css_animation=&#8221;&#8221; row_type=&#8221;row&#8221; use_row_as_full_screen_section=&#8221;no&#8221; type=&#8221;full_width&#8221; angled_section=&#8221;no&#8221; text_align=&#8221;left&#8221; background_image_as_pattern=&#8221;without_pattern&#8221;][vc_column][vc_column_text]<\/p>\n<p><strong><span style=\"color: #0000ff;\">Saturday, 31st October 2020<\/span><\/strong><\/p>\n<p>&nbsp;<\/p>\n<p><span style=\"color: #e00000;\">Session 1 \u2013 Liver Metastases of NETs with Unknown Primary Site<\/span><br \/>\n<span style=\"color: #e00000;\">Chairpersons: C\u0103t\u0103lina Poian\u0103, Sorin Alexandrescu, Mircea M\u0103nuc, Lucian Negreanu<\/span><br \/>\n<span style=\"color: #e00000;\">11:50-12:10<\/span> Liver Metastases of NETs with Unknown Primary Site (Florina Buica)<br \/>\n<span style=\"color: #e00000;\">12:10-12:25<\/span> Case report (Sorin Alexandrescu)<br \/>\n<span style=\"color: #e00000;\">12:25-12:40<\/span> Case report (Raluca P\u0103tru)<br \/>\n<span style=\"color: #e00000;\">12:40-12:55<\/span> Case report (Tudor Stroie)<br \/>\n<span style=\"color: #e00000;\">12:55-13:10<\/span> Case report (Vlad Vornicu)<br \/>\n<span style=\"color: #e00000;\">13:10-13:25<\/span> Discussions (Mircea M\u0103nuc)<\/p>\n<p>&nbsp;<\/p>\n<p><span style=\"color: #e00000;\">13:25-13:40 Break<\/span><\/p>\n<p>&nbsp;<\/p>\n<p><span style=\"color: #e00000;\">13:40 \u2013 14:10 IPSEN Symposium: Neuroendocrine tumors \u2013 current therapeutic options (Agnieszka Kolasi\u0144ska-\u0106wik\u0142a)<\/span><br \/>\n<span style=\"color: #e00000;\">14:10 \u2013 14:30 Merck Symposium: Rechallenge of EGFR treatment (Vlad Croitoru)<\/span><br \/>\n<span style=\"color: #e00000;\">14:30 &#8211; 14:50 Lilly Symposium: Cyramza \u2013 I want to find out more! (Polixenia Iorga)<\/span><\/p>\n<p>&nbsp;<\/p>\n<p><strong><span style=\"color: #e00000;\">Session 2 \u2013 Extradigestive NETs<\/span><\/strong><br \/>\n<strong><span style=\"color: #e00000;\">Chairpersons: Adina Croitoru, Mircea Diculescu, C\u0103t\u0103lina Poian\u0103, Mircea M\u0103nuc<\/span><\/strong><br \/>\n<span style=\"color: #e00000;\">14:50-15:20<\/span> An overview of extradigestive NETs (C\u0103t\u0103lina Poian\u0103)<br \/>\n<span style=\"color: #e00000;\">15:20-15:35<\/span> Case report: Metastatic pulmonary NET (Monica Miron)<br \/>\n<span style=\"color: #e00000;\">15:35-15:50<\/span> Case report (Diana Bogdan)<br \/>\n<span style=\"color: #e00000;\">15:50-16:05<\/span> Case report: Ovarian NET (Iulia Burcea, Roxana Dusceac)<br \/>\n<span style=\"color: #e00000;\">16:05-16:20<\/span> Conclusions (Mircea Diculescu, Catalina Poiana, Adina Croitoru, Mircea M\u0103nuc)[\/vc_column_text][\/vc_column][\/vc_row]<\/p>\n<\/div>","protected":false},"excerpt":{"rendered":"<p>[vc_row css_animation=&#8221;&#8221; row_type=&#8221;row&#8221; use_row_as_full_screen_section=&#8221;no&#8221; type=&#8221;full_width&#8221; angled_section=&#8221;no&#8221; text_align=&#8221;left&#8221; background_image_as_pattern=&#8221;without_pattern&#8221;][vc_column][vc_column_text] (Download PDF ) &nbsp; The 9th Franco-Romanian Symposium in Digestive Oncology [\/vc_column_text][\/vc_column][\/vc_row][vc_row css_animation=&#8221;&#8221; row_type=&#8221;row&#8221; use_row_as_full_screen_section=&#8221;no&#8221; type=&#8221;full_width&#8221; angled_section=&#8221;no&#8221; text_align=&#8221;left&#8221; background_image_as_pattern=&#8221;without_pattern&#8221;][vc_column][vc_empty_space][\/vc_column][\/vc_row][vc_row css_animation=&#8221;&#8221; row_type=&#8221;row&#8221; use_row_as_full_screen_section=&#8221;no&#8221; type=&#8221;full_width&#8221; angled_section=&#8221;no&#8221; text_align=&#8221;left&#8221; background_image_as_pattern=&#8221;without_pattern&#8221;][vc_column width=&#8221;1\/3&#8243;][vc_column_text]French speakers: Pr Thomas Aparicio Pr Emmanuel Coron Dr Jean-Louis Legoux&#8230;<\/p>\n","protected":false},"author":1,"featured_media":0,"parent":15599,"menu_order":0,"comment_status":"closed","ping_status":"closed","template":"","meta":{"footnotes":""},"class_list":["post-15597","page","type-page","status-publish","hentry"],"_links":{"self":[{"href":"https:\/\/www.oncodigest.ro\/en\/wp-json\/wp\/v2\/pages\/15597","targetHints":{"allow":["GET"]}}],"collection":[{"href":"https:\/\/www.oncodigest.ro\/en\/wp-json\/wp\/v2\/pages"}],"about":[{"href":"https:\/\/www.oncodigest.ro\/en\/wp-json\/wp\/v2\/types\/page"}],"author":[{"embeddable":true,"href":"https:\/\/www.oncodigest.ro\/en\/wp-json\/wp\/v2\/users\/1"}],"replies":[{"embeddable":true,"href":"https:\/\/www.oncodigest.ro\/en\/wp-json\/wp\/v2\/comments?post=15597"}],"version-history":[{"count":67,"href":"https:\/\/www.oncodigest.ro\/en\/wp-json\/wp\/v2\/pages\/15597\/revisions"}],"predecessor-version":[{"id":16110,"href":"https:\/\/www.oncodigest.ro\/en\/wp-json\/wp\/v2\/pages\/15597\/revisions\/16110"}],"up":[{"embeddable":true,"href":"https:\/\/www.oncodigest.ro\/en\/wp-json\/wp\/v2\/pages\/15599"}],"wp:attachment":[{"href":"https:\/\/www.oncodigest.ro\/en\/wp-json\/wp\/v2\/media?parent=15597"}],"curies":[{"name":"wp","href":"https:\/\/api.w.org\/{rel}","templated":true}]}}